{"id":116,"date":"2024-04-30T18:54:21","date_gmt":"2024-04-30T16:54:21","guid":{"rendered":"https:\/\/golfpar2.com\/?page_id=116"},"modified":"2024-05-06T13:30:57","modified_gmt":"2024-05-06T11:30:57","slug":"mentions-legales","status":"publish","type":"page","link":"https:\/\/golfpar2.com\/en\/mentions-legales\/","title":{"rendered":"Legal Notices"},"content":{"rendered":"<h2 class=\"wp-block-heading marges_top\">Legal Notices<\/h2>\n\n\n\n<p>Legal Notices<\/p>\n\n\n\n<p>Publication Director: Fatima Jebbar, 2 all\u00e9e de la Salamandre, 33520 Bruges, France<\/p>\n\n\n\n<p>Siret&nbsp;:&nbsp;52847078400034<\/p>\n\n\n\n<p>Mail&nbsp;:&nbsp;<a href=\"mailto:contact@golfpar2.com\">contact@golfpar2.com<\/a><\/p>\n\n\n\n<p>Hosting provider: OVH, RCS Lille M\u00e9tropole 424 761 419 00045, phone: 1007\u2029<\/p>\n\n\n\n<p>Intellectual Property: All content of the application, including but not limited to texts, graphics, logos, icons, images, audio and video clips, is the exclusive property of Fatima Jebbar or her licensors and is protected by French and international laws on copyright and intellectual property. Any reproduction, distribution, modification, dissemination, or publication of these elements, even partial, without the prior written authorization of Fatima Jebbar, is strictly prohibited.<\/p>\n\n\n\n<p>Personal Data Protection: Fatima Jebbar is committed to protecting the privacy of the users of her application. Personal data collected are processed in accordance with applicable personal data protection legislation, in particular the General Data Protection Regulation (GDPR). Users have the right to access, rectify, and delete data concerning them. To exercise these rights, they may contact Fatima Jebbar using the contact details provided above.<\/p>\n\n\n\n<p>Limitation of Liability: Fatima Jebbar shall not be held liable for any direct or indirect damages of any kind resulting from the use of her application. The information provided on the application is for information purposes only and may be modified at any time without prior notice.<\/p>\n\n\n\n<p class=\"marges_bot\">Governing Law: These legal notices are governed by French law. In the event of a dispute, the French courts shall have exclusive jurisdiction.<\/p>","protected":false},"excerpt":{"rendered":"<p>Mentions l\u00e9gales Mentions L\u00e9gales: Responsable de la publication: Fatima Jebbar, &nbsp;2 all\u00e9e de la Salamandre 33520 Bruges Siret&nbsp;:&nbsp;52847078400034 Mail&nbsp;:&nbsp;contact@golfpar2.com H\u00e9bergeur: OVH RCS Lille M\u00e9tropole 424 761 419 00045 t\u00e9l\u00e9phone : 1007 Propri\u00e9t\u00e9 Intellectuelle: L&rsquo;ensemble des contenus de l&rsquo;application, incluant mais non limit\u00e9 aux textes, graphismes, logos, ic\u00f4nes, images, clips audio et vid\u00e9o, est la propri\u00e9t\u00e9 [&hellip;]<\/p>","protected":false},"author":1,"featured_media":0,"parent":0,"menu_order":0,"comment_status":"closed","ping_status":"closed","template":"","meta":{"footnotes":""},"class_list":["post-116","page","type-page","status-publish","hentry"],"_links":{"self":[{"href":"https:\/\/golfpar2.com\/en\/wp-json\/wp\/v2\/pages\/116","targetHints":{"allow":["GET"]}}],"collection":[{"href":"https:\/\/golfpar2.com\/en\/wp-json\/wp\/v2\/pages"}],"about":[{"href":"https:\/\/golfpar2.com\/en\/wp-json\/wp\/v2\/types\/page"}],"author":[{"embeddable":true,"href":"https:\/\/golfpar2.com\/en\/wp-json\/wp\/v2\/users\/1"}],"replies":[{"embeddable":true,"href":"https:\/\/golfpar2.com\/en\/wp-json\/wp\/v2\/comments?post=116"}],"version-history":[{"count":6,"href":"https:\/\/golfpar2.com\/en\/wp-json\/wp\/v2\/pages\/116\/revisions"}],"predecessor-version":[{"id":166,"href":"https:\/\/golfpar2.com\/en\/wp-json\/wp\/v2\/pages\/116\/revisions\/166"}],"wp:attachment":[{"href":"https:\/\/golfpar2.com\/en\/wp-json\/wp\/v2\/media?parent=116"}],"curies":[{"name":"wp","href":"https:\/\/api.w.org\/{rel}","templated":true}]}}